{"id":1172,"date":"2017-01-03T17:43:30","date_gmt":"2017-01-03T17:43:30","guid":{"rendered":"http:\/\/www.valmeyerfca.cl\/gestioninmobiliarias\/?page_id=1172"},"modified":"2017-01-04T03:07:57","modified_gmt":"2017-01-04T03:07:57","slug":"flujo-de-caja","status":"publish","type":"page","link":"http:\/\/www.valmeyerfca.cl\/gestioninmobiliarias\/flujo-de-caja\/","title":{"rendered":"Flujo de Caja"},"content":{"rendered":"<section class=\"wpb-content-wrapper\"><p>[vc_row][vc_column]\n\t\t<div class=\"flat-spacer \" data-desktop=\"80\" data-mobile=\"40\" data-smobile=\"30\">\t\t\t\n\t\t<\/div>[\/vc_column][\/vc_row][vc_row][vc_column width=\u00bb1\/4&#8243;][vc_single_image image=\u00bb1177&#8243; img_size=\u00bb300&#215;200&#8243; style=\u00bbvc_box_shadow_border\u00bb onclick=\u00bblink_image\u00bb css_animation=\u00bbfadeInLeft\u00bb css=\u00bb.vc_custom_1483468796455{padding-top: 30px !important;}\u00bb][\/vc_column][vc_column width=\u00bb3\/4&#8243;][vc_column_text]<\/p>\n<h3>Flujo de Caja<\/h3>\n<p>El sistema de control interno o de gesti\u00f3n es un conjunto de \u00e1reas funcionales en una Empresa y de acciones especializadas en la comunicaci\u00f3n y control al interior de la empresa. El sistema de gesti\u00f3n por intermedio de las actividades, afecta a todas las partes de la empresa a trav\u00e9s del flujo de efectivo. La efectividad de una empresa se establece en la relaci\u00f3n entre la salida de los productos o servicios y la entrada de los recursos necesarios para su producci\u00f3n. Siendo responsabilidades de la gerencia las siguientes:[\/vc_column_text][vc_message message_box_color=\u00bbturquoise\u00bb icon_type=\u00bbpixelicons\u00bb css_animation=\u00bbfadeInRight\u00bb icon_pixelicons=\u00bbvc_pixel_icon vc_pixel_icon-arrow\u00bb]* Controlar la efectividad de las funciones administrativas.<br \/>\n* Regular el equilibrio entre la eficacia y la eficiencia en la empresa.<br \/>\n* Otros aspectos del desarrollo de la empresa, como crecimiento, rentabilidad y liquidez.[\/vc_message][\/vc_column][\/vc_row][vc_row][vc_column][vc_separator css=\u00bb.vc_custom_1483074444191{padding-top: 50px !important;padding-bottom: 20px !important;}\u00bb][\/vc_column][\/vc_row][vc_row][vc_column][vc_custom_heading text=\u00bbModelos de Evoluci\u00f3n de Flujo de Caja\u00bb font_container=\u00bbtag:h3|text_align:center\u00bb use_theme_fonts=\u00bbyes\u00bb][vc_custom_heading text=\u00bb(click para ampliar)\u00bb font_container=\u00bbtag:h5|text_align:center\u00bb use_theme_fonts=\u00bbyes\u00bb css=\u00bb.vc_custom_1483075812886{padding-bottom: 50px !important;}\u00bb][\/vc_column][\/vc_row][vc_row][vc_column][vc_media_grid gap=\u00bb30&#8243; item=\u00bbmediaGrid_FadeInWithIcon\u00bb grid_id=\u00bbvc_gid:1483499558928-11e0a709-5c65-9&#8243; include=\u00bb1181,1182,1183&#8243;][\/vc_column][\/vc_row][vc_row][vc_column][vc_separator css=\u00bb.vc_custom_1483074444191{padding-top: 50px !important;padding-bottom: 20px !important;}\u00bb][\/vc_column][\/vc_row][vc_row][vc_column][vc_custom_heading text=\u00bbPor Medio del Sistema de Control de Gesti\u00f3n Podremos Conocer y Controlar\u00bb font_container=\u00bbtag:h3|text_align:center\u00bb use_theme_fonts=\u00bbyes\u00bb css_animation=\u00bbfadeInRight\u00bb css=\u00bb.vc_custom_1483499598074{padding-bottom: 20px !important;}\u00bb][vc_column_text css_animation=\u00bbfadeInLeft\u00bb]<\/p>\n<ul>\n<li>Diariamente cada uno de los compromisos de pago y cobranza y reprogr\u00e1malos a tu entera satisfacci\u00f3n, a trav\u00e9s de la Vista Din\u00e1mica de Flujo de Efectivo.<\/li>\n<li>Cuenta con un Calendario Financiero que te facilita la organizaci\u00f3n y administraci\u00f3n de tus recursos, ya que de forma gr\u00e1fica te muestra por fecha, mensajes recordatorios que se asocian a cada uno de tus movimientos.<\/li>\n<li>A trav\u00e9s de su agrupaci\u00f3n y clasificaci\u00f3n de ingresos y egresos en Categor\u00edas y Sub categor\u00edas, conoce a detalle tus gastos por tipo y por medio de reportes, comp\u00e1ralos contra tu presupuesto e identifica aquellos que est\u00e9n fuera del mismo.<\/li>\n<li>Te permite visualizar en forma autom\u00e1tica y con s\u00f3lo un clic en la cuenta del flujo bancario, los saldos contables.<\/li>\n<li>Te ayuda a controlar el presupuesto de gastos, e inversi\u00f3n de acuerdo al importe del presupuesto asignado.<\/li>\n<li>T\u00fa configuras f\u00e1cilmente el sistema, para que solo se puedan imprimir aquellos cheques autorizados por ti o por tu tesorero.<\/li>\n<li>Te permite realizar tu Conciliaci\u00f3n Bancaria de forma manual y autom\u00e1tica, identificando los movimientos por importe, referencia y n\u00famero de cheque.<\/li>\n<li>Lleva un control detallado de tus conciliaciones ya que dentro de una ventana, t\u00fa puedes distinguir entre movimientos y dep\u00f3sitos por conciliar. Adem\u00e1s, en caso de ser necesario cambia autom\u00e1ticamente la fecha de aplicaci\u00f3n de aquellos movimientos que no aparecen en el estado de cuenta del banco, para considerarlos en futuras conciliaciones.<\/li>\n<li>Cuenta con un editor de formas que te permite dise\u00f1ar tus formas pre-impresas de diferentes movimientos (cheques, cargos, abonos, ingresos y dep\u00f3sitos).<\/li>\n<li>Cuenta con un m\u00f3dulo especial para convertir movimientos proyectados (Ingresos\/Egresos) a reales (Abonos, Cheques, Ingresos o Dep\u00f3sitos).<\/li>\n<li>Registra tus movimientos recurrentes (como la renta, cuotas, etc.) con sus plantillas de movimientos.<\/li>\n<li>La administraci\u00f3n de tus recursos est\u00e1 segura ya que cuenta con un M\u00f3dulo de Seguridad, con el cual t\u00fa defines quien y que puede hacer dentro del sistema.<\/li>\n<\/ul>\n<p>[\/vc_column_text][\/vc_column][\/vc_row]<\/p>\n<\/section>","protected":false},"excerpt":{"rendered":"<p>[vc_row][vc_column][\/vc_column][\/vc_row][vc_row][vc_column width=\u00bb1\/4&#8243;][vc_single_image image=\u00bb1177&#8243; img_size=\u00bb300&#215;200&#8243; style=\u00bbvc_box_shadow_border\u00bb onclick=\u00bblink_image\u00bb css_animation=\u00bbfadeInLeft\u00bb css=\u00bb.vc_custom_1483468796455{padding-top: 30px !important;}\u00bb][\/vc_column][vc_column width=\u00bb3\/4&#8243;][vc_column_text] Flujo de Caja El sistema de control interno o de gesti\u00f3n es un conjunto de \u00e1reas funcionales en una [&hellip;]<\/p>\n","protected":false},"author":1,"featured_media":0,"parent":0,"menu_order":0,"comment_status":"closed","ping_status":"closed","template":"tpl\/front-page.php","meta":{"footnotes":""},"class_list":["post-1172","page","type-page","status-publish","hentry"],"_links":{"self":[{"href":"http:\/\/www.valmeyerfca.cl\/gestioninmobiliarias\/wp-json\/wp\/v2\/pages\/1172","targetHints":{"allow":["GET"]}}],"collection":[{"href":"http:\/\/www.valmeyerfca.cl\/gestioninmobiliarias\/wp-json\/wp\/v2\/pages"}],"about":[{"href":"http:\/\/www.valmeyerfca.cl\/gestioninmobiliarias\/wp-json\/wp\/v2\/types\/page"}],"author":[{"embeddable":true,"href":"http:\/\/www.valmeyerfca.cl\/gestioninmobiliarias\/wp-json\/wp\/v2\/users\/1"}],"replies":[{"embeddable":true,"href":"http:\/\/www.valmeyerfca.cl\/gestioninmobiliarias\/wp-json\/wp\/v2\/comments?post=1172"}],"version-history":[{"count":16,"href":"http:\/\/www.valmeyerfca.cl\/gestioninmobiliarias\/wp-json\/wp\/v2\/pages\/1172\/revisions"}],"predecessor-version":[{"id":1413,"href":"http:\/\/www.valmeyerfca.cl\/gestioninmobiliarias\/wp-json\/wp\/v2\/pages\/1172\/revisions\/1413"}],"wp:attachment":[{"href":"http:\/\/www.valmeyerfca.cl\/gestioninmobiliarias\/wp-json\/wp\/v2\/media?parent=1172"}],"curies":[{"name":"wp","href":"https:\/\/api.w.org\/{rel}","templated":true}]}}