{"id":1199,"date":"2017-01-03T19:09:53","date_gmt":"2017-01-03T19:09:53","guid":{"rendered":"http:\/\/www.valmeyerfca.cl\/gestioninmobiliarias\/?page_id=1199"},"modified":"2025-03-05T18:01:06","modified_gmt":"2025-03-05T18:01:06","slug":"pagina-principal","status":"publish","type":"page","link":"http:\/\/www.valmeyerfca.cl\/gestioninmobiliarias\/","title":{"rendered":"P\u00e1gina Principal"},"content":{"rendered":"<section class=\"wpb-content-wrapper\"><p>[vc_row full_width=\u00bbstretch_row_content_no_spaces\u00bb parallax_speed=\u00bb4&#8243; parallax_x=\u00bb4&#8243; parallax_y=\u00bb4&#8243;][vc_column][rev_slider_vc alias=\u00bbinicio\u00bb][\/vc_column][\/vc_row][vc_row][vc_column][vc_row_inner][vc_column_inner]\n\t\t<div class=\"flat-spacer \" data-desktop=\"60\" data-mobile=\"40\" data-smobile=\"30\">\t\t\t\n\t\t<\/div>[\/vc_column_inner][\/vc_row_inner][vc_row_inner][vc_column_inner]<div class=\"title-section  style2\">\n\t\t<h1 class=\"title\">\n\t\t\tGesti\u00f3n Inmobiliarias\t\t\t\n\t\t<\/h1>\t\t\n\t\t\n\t\t\t<div class=\"title-content\">\n\t\t\t\t<p>Amplias Herramientas para la Administraci\u00f3n Eficiente y Completa de las Actividades Centrales de la Compa\u00f1\u00eda&#8230;<\/p>\n\n\t\t\t<\/div>\n\n\t<\/div>[\/vc_column_inner][\/vc_row_inner][vc_row_inner][vc_column_inner width=\u00bb1\/4&#8243;]\t\n\t<div class=\"imagebox  \">\n\t\t<div class=\"box-wrapper\">\n\t\t\t\t\t\t\t<div class=\"box-image\">\n\t\t\t\t\t<img loading=\"lazy\" decoding=\"async\" width=\"370\" height=\"245\" src=\"http:\/\/www.valmeyerfca.cl\/gestioninmobiliarias\/wp-content\/uploads\/2016\/11\/img_service02.jpg\" class=\"attachment-full\" alt=\"\" title=\"img_service02\" srcset=\"http:\/\/www.valmeyerfca.cl\/gestioninmobiliarias\/wp-content\/uploads\/2016\/11\/img_service02.jpg 370w, http:\/\/www.valmeyerfca.cl\/gestioninmobiliarias\/wp-content\/uploads\/2016\/11\/img_service02-300x199.jpg 300w\" sizes=\"auto, (max-width: 370px) 100vw, 370px\" \/>\t\t\t\t<\/div>\n\n\t\t\t\n\t\t\t<div class=\"box-header\">\n\t\t\t\t<h3 class=\"box-title\">\n\t\t\t\t\t<a href=\"\" target=\"\">\n\t\t\t\t\t\tEstados Financieros\t\t\t\t\t<\/a>\t\n\t\t\t\t<\/h3>\n\n\t\t\t\t\t\t\t<\/div>\n\n\n\t\t\t<div class=\"box-content\">\n\t\t\t\t\t\t\t\t\t<div class=\"box-desc\">\n\t\t\t\t\t\tEntrega herramientas para la administraci\u00f3n eficiente y completa de las actividades centrales del negocio de la Compa\u00f1\u00eda, incluye contabilidad, clientes, proveedores, conciliaci\u00f3n bancaria, etc.\t\t\t\t\t<\/div>\n\t\t\t\t\t\t\t\t\n\t\t\t\t\t\t\t\t\t\n\t\t\t\t\t<div class=\"box-button\">\n\t\t\t\t\t\t<a href=\"\" target=\"\">\n\t\t\t\t\t\t\tContinue\t\t\t\t\t\t<\/a>\n\t\t\t\t\t<\/div>\n\n\t\t\t\t\t\t\t<\/div>\n\t\t<\/div>\n\t<\/div>\t\n[vc_column_text css_animation=\u00bbfadeInUp\u00bb css=\u00bb.vc_custom_1483472966803{padding-top: 10px !important;}\u00bb]Entrega herramientas para la administraci\u00f3n eficiente y completa de las actividades centrales del negocio de la Compa\u00f1\u00eda, incluye contabilidad, clientes, proveedores, conciliaci\u00f3n bancaria, etc.[\/vc_column_text][\/vc_column_inner][vc_column_inner width=\u00bb1\/4&#8243;]\t\n\t<div class=\"imagebox  \">\n\t\t<div class=\"box-wrapper\">\n\t\t\t\t\t\t\t<div class=\"box-image\">\n\t\t\t\t\t<a href=\"\" target=\"\"><img loading=\"lazy\" decoding=\"async\" width=\"370\" height=\"245\" src=\"http:\/\/www.valmeyerfca.cl\/gestioninmobiliarias\/wp-content\/uploads\/2016\/10\/img_offer01.jpg\" class=\"attachment-full\" alt=\"\" title=\"img_offer01\" srcset=\"http:\/\/www.valmeyerfca.cl\/gestioninmobiliarias\/wp-content\/uploads\/2016\/10\/img_offer01.jpg 370w, http:\/\/www.valmeyerfca.cl\/gestioninmobiliarias\/wp-content\/uploads\/2016\/10\/img_offer01-300x199.jpg 300w\" sizes=\"auto, (max-width: 370px) 100vw, 370px\" \/><\/a>\t\t\t\t<\/div>\n\n\t\t\t\n\t\t\t<div class=\"box-header\">\n\t\t\t\t<h3 class=\"box-title\">\n\t\t\t\t\t<a href=\"\" target=\"\">\n\t\t\t\t\t\tFactibilidad &amp; Presupuesto\t\t\t\t\t<\/a>\t\n\t\t\t\t<\/h3>\n\n\t\t\t\t\t\t\t<\/div>\n\n\n\t\t\t<div class=\"box-content\">\n\t\t\t\t\t\t\t\t\n\t\t\t\t\t\t\t<\/div>\n\t\t<\/div>\n\t<\/div>\t\n[vc_column_text css_animation=\u00bbfadeInUp\u00bb css=\u00bb.vc_custom_1483472979173{padding-top: 10px !important;}\u00bb]Una completa y flexible soluci\u00f3n para el registro contable. Conjuga el ingreso tradicional y actualizaci\u00f3n de comprobantes contables con un poderoso sistema de reportes y an\u00e1lisis financieros.[\/vc_column_text][\/vc_column_inner][vc_column_inner width=\u00bb1\/4&#8243;]\t\n\t<div class=\"imagebox  \">\n\t\t<div class=\"box-wrapper\">\n\t\t\t\t\t\t\t<div class=\"box-image\">\n\t\t\t\t\t<a href=\"\" target=\"\"><img loading=\"lazy\" decoding=\"async\" width=\"370\" height=\"245\" src=\"http:\/\/www.valmeyerfca.cl\/gestioninmobiliarias\/wp-content\/uploads\/2016\/08\/img_service08.jpg\" class=\"attachment-full\" alt=\"\" title=\"img_service08\" srcset=\"http:\/\/www.valmeyerfca.cl\/gestioninmobiliarias\/wp-content\/uploads\/2016\/08\/img_service08.jpg 370w, http:\/\/www.valmeyerfca.cl\/gestioninmobiliarias\/wp-content\/uploads\/2016\/08\/img_service08-300x199.jpg 300w\" sizes=\"auto, (max-width: 370px) 100vw, 370px\" \/><\/a>\t\t\t\t<\/div>\n\n\t\t\t\n\t\t\t<div class=\"box-header\">\n\t\t\t\t<h3 class=\"box-title\">\n\t\t\t\t\t<a href=\"\" target=\"\">\n\t\t\t\t\t\tFlujo de Caja\t\t\t\t\t<\/a>\t\n\t\t\t\t<\/h3>\n\n\t\t\t\t\t\t\t<\/div>\n\n\n\t\t\t<div class=\"box-content\">\n\t\t\t\t\t\t\t\t\n\t\t\t\t\t\t\t<\/div>\n\t\t<\/div>\n\t<\/div>\t\n[vc_column_text css_animation=\u00bbfadeInUp\u00bb css=\u00bb.vc_custom_1483472992118{padding-top: 10px !important;}\u00bb]La efectividad de una empresa se establece en la relaci\u00f3n entre la salida de los productos o servicios y la entrada de los recursos necesarios para su producci\u00f3n.[\/vc_column_text][\/vc_column_inner][vc_column_inner width=\u00bb1\/4&#8243;]\t\n\t<div class=\"imagebox  \">\n\t\t<div class=\"box-wrapper\">\n\t\t\t\t\t\t\t<div class=\"box-image\">\n\t\t\t\t\t<a href=\"\" target=\"\"><img loading=\"lazy\" decoding=\"async\" width=\"370\" height=\"245\" src=\"http:\/\/www.valmeyerfca.cl\/gestioninmobiliarias\/wp-content\/uploads\/2016\/10\/img_offer03.jpg\" class=\"attachment-full\" alt=\"\" title=\"img_offer03\" srcset=\"http:\/\/www.valmeyerfca.cl\/gestioninmobiliarias\/wp-content\/uploads\/2016\/10\/img_offer03.jpg 370w, http:\/\/www.valmeyerfca.cl\/gestioninmobiliarias\/wp-content\/uploads\/2016\/10\/img_offer03-300x199.jpg 300w\" sizes=\"auto, (max-width: 370px) 100vw, 370px\" \/><\/a>\t\t\t\t<\/div>\n\n\t\t\t\n\t\t\t<div class=\"box-header\">\n\t\t\t\t<h3 class=\"box-title\">\n\t\t\t\t\t<a href=\"\" target=\"\">\n\t\t\t\t\t\tControl de Gesti\u00f3n\t\t\t\t\t<\/a>\t\n\t\t\t\t<\/h3>\n\n\t\t\t\t\t\t\t<\/div>\n\n\n\t\t\t<div class=\"box-content\">\n\t\t\t\t\t\t\t\t\n\t\t\t\t\t\t\t<\/div>\n\t\t<\/div>\n\t<\/div>\t\n[vc_column_text css_animation=\u00bbfadeInUp\u00bb]La venta inmobiliaria est\u00e1 cada vez m\u00e1s competitiva y los clientes est\u00e1n cada vez m\u00e1s informados. Se requiere procesos y t\u00e9cnicas cada vez m\u00e1s profesionales y competitivos.[\/vc_column_text][\/vc_column_inner][\/vc_row_inner][vc_row_inner][vc_column_inner]\n\t\t<div class=\"flat-spacer \" data-desktop=\"100\" data-mobile=\"40\" data-smobile=\"30\">\t\t\t\n\t\t<\/div>[\/vc_column_inner][\/vc_row_inner][\/vc_column][\/vc_row][vc_row full_width=\u00bbstretch_row_content_no_spaces\u00bb equal_height=\u00bbyes\u00bb parallax_speed=\u00bb4&#8243; parallax_x=\u00bb4&#8243; parallax_y=\u00bb4&#8243; css=\u00bb.vc_custom_1478267880479{background-color: #f6f6f6 !important;}\u00bb][vc_column width=\u00bb1\/2&#8243;][vc_single_image image=\u00bb1549&#8243; img_size=\u00bbfull\u00bb el_class=\u00bbflat-single-images\u00bb][\/vc_column][vc_column width=\u00bb1\/2&#8243; el_class=\u00bbpadl-px116&#8243;]\n\t\t<div class=\"flat-spacer \" data-desktop=\"126\" data-mobile=\"40\" data-smobile=\"30\">\t\t\t\n\t\t<\/div>[vc_column_text el_class=\u00bbabout-us\u00bb]<\/p>\n<h3>Potentes Herramientas<\/h3>\n<h5>de An\u00e1lisis y Gesti\u00f3n Financiera<\/h5>\n<p>Entrega herramientas para la administraci\u00f3n eficiente y completa de las actividades centrales del negocio de la Compa\u00f1\u00eda, incluye contabilidad, clientes, proveedores, conciliaci\u00f3n bancaria, Recursos Humanos, gesti\u00f3n de ventas, Activos Fijos, siendo una poderosa herramienta de reportes. Permite automatizar los procesos comerciales y administrativos de su empresa, abriendo camino para el crecimiento sostenido.[\/vc_column_text][vc_empty_space height=\u00bb54px\u00bb][vc_column_text el_class=\u00bbmgl20&#8243;]<a class=\"wpb_button_a\" title=\"M\u00e1s detalles\" href=\"http:\/\/www.valmeyerfca.cl\/gestioninmobiliarias\/estados-financieros-sistema-de-gestion\/\"><span class=\"wpb_button wpb_btn-primary wpb_regularsize\">M\u00e1s detalles<\/span><\/a>[\/vc_column_text]\n\t\t<div class=\"flat-spacer \" data-desktop=\"100\" data-mobile=\"40\" data-smobile=\"30\">\t\t\t\n\t\t<\/div>[\/vc_column][\/vc_row][vc_row parallax_speed=\u00bb4&#8243; parallax_x=\u00bb4&#8243; parallax_y=\u00bb4&#8243; css=\u00bb.vc_custom_1477737199385{padding-top: 80px !important;padding-bottom: 80px !important;}\u00bb][vc_column][vc_row_inner][vc_column_inner]<div class=\"title-section  style1\">\n\t\t<h1 class=\"title\">\n\t\t\tAlgunas Caracter\u00edsticas\t\t\t\n\t\t<\/h1>\t\t\n\t\t\n\n\t<\/div>[\/vc_column_inner][\/vc_row_inner][vc_row_inner][vc_column_inner width=\u00bb1\/3&#8243;]<div class=\"iconbox  left \">\n\t\t<div class=\"box-header\">\n\t\t\t<div class=\"box-icon\"><span class=\"ion-cube\"><\/span><\/div>\n\t\t\t<h2 class=\"box-title\">Modular<\/h2>\n\t\t\t\n\t\t<\/div>\n\t\t<div class=\"box-content\">\n\t\t\tUna estructura modular es m\u00e1s flexible que una monol\u00edtica y no disminuye la funcionalidad del sistema.\n\t\t\t\n\t\t<\/div>\n\t<\/div><div class=\"iconbox  left \">\n\t\t<div class=\"box-header\">\n\t\t\t<div class=\"box-icon\"><span class=\"ion-lock-combination\"><\/span><\/div>\n\t\t\t<h2 class=\"box-title\">Seguridad<\/h2>\n\t\t\t\n\t\t<\/div>\n\t\t<div class=\"box-content\">\n\t\t\tLa informaci\u00f3n es vital para una empresa y acceder a ella es el sue\u00f1o de la competencia; garantizar que esto no ocurra ha sido una prioridad b\u00e1sica para nosotros.\n\t\t\t\n\t\t<\/div>\n\t<\/div><div class=\"iconbox  left \">\n\t\t<div class=\"box-header\">\n\t\t\t<div class=\"box-icon\"><span class=\"ion-person-add\"><\/span><\/div>\n\t\t\t<h2 class=\"box-title\">Confiabilidad<\/h2>\n\t\t\t\n\t\t<\/div>\n\t\t<div class=\"box-content\">\n\t\t\tUn sistema no es \u00fatil si no se puede confiar en sus resultados o en su correcta operaci\u00f3n en todo momento sin importar el n\u00famero de usuarios o lo complejo de las operaciones que realiza.\n\t\t\t\n\t\t<\/div>\n\t<\/div>[\/vc_column_inner][vc_column_inner width=\u00bb1\/3&#8243;][vc_single_image image=\u00bb1504&#8243; img_size=\u00bbfull\u00bb alignment=\u00bbcenter\u00bb][\/vc_column_inner][vc_column_inner width=\u00bb1\/3&#8243;]<div class=\"iconbox  left \">\n\t\t<div class=\"box-header\">\n\t\t\t<div class=\"box-icon\"><span class=\"ion-android-checkmark-circle\"><\/span><\/div>\n\t\t\t<h2 class=\"box-title\">Facilidad<\/h2>\n\t\t\t\n\t\t<\/div>\n\t\t<div class=\"box-content\">\n\t\t\tAmbiente gr\u00e1fico que aprovecha y se basa en las caracter\u00edsticas y est\u00e1ndares de la Web y Windows, con una operatoria uniforme a trav\u00e9s de todo el sistema.\n\t\t\t\n\t\t<\/div>\n\t<\/div><div class=\"iconbox  left \">\n\t\t<div class=\"box-header\">\n\t\t\t<div class=\"box-icon\"><span class=\"ion-ios-pulse-strong\"><\/span><\/div>\n\t\t\t<h2 class=\"box-title\">Socios de Negocio<\/h2>\n\t\t\t\n\t\t<\/div>\n\t\t<div class=\"box-content\">\n\t\t\tOrganiza y monitorea de forma eficaz toda la informaci\u00f3n sobre los clientes, prospectos y proveedores, incluyendo perfiles, res\u00famenes de contactos, eso y m\u00e1s.\n\t\t\t\n\t\t<\/div>\n\t<\/div><div class=\"iconbox  left \">\n\t\t<div class=\"box-header\">\n\t\t\t<div class=\"box-icon\"><span class=\"ion-cash\"><\/span><\/div>\n\t\t\t<h2 class=\"box-title\">Transacciones Bancarias<\/h2>\n\t\t\t\n\t\t<\/div>\n\t\t<div class=\"box-content\">\n\t\t\tGestiona sin esfuerzo todos los procesos de caja, bancos y tesorer\u00eda, como entradas de caja (cobranzas), creaci\u00f3n de cheques, dep\u00f3sitos, pagos por adelantado, etc.\n\t\t\t\n\t\t<\/div>\n\t<\/div>[\/vc_column_inner][\/vc_row_inner][\/vc_column][\/vc_row][vc_row full_width=\u00bbstretch_row\u00bb parallax=\u00bbcontent-moving\u00bb parallax_image=\u00bb1231&#8243; parallax_speed=\u00bb4&#8243; parallax_x=\u00bb4&#8243; parallax_y=\u00bb4&#8243; el_class=\u00bbflat-overlay\u00bb css=\u00bb.vc_custom_1483474631685{padding-top: 100px !important;padding-bottom: 100px !important;}\u00bb][vc_column][vc_row_inner][vc_column_inner el_class=\u00bbflat-text-block\u00bb][vc_column_text]<\/p>\n<h1 style=\"text-align: center;\">Todo lo que Usted Necesita<\/h1>\n<h3 class=\"mgb30\" style=\"text-align: center;\">Herramientas hasta ahora solo disponibles para grandes corporaciones<\/h3>\n<p class=\"btn-cons\" style=\"text-align: center;\"><a href=\"#\">Cont\u00e1ctenos<\/a><\/p>\n<p>[\/vc_column_text][\/vc_column_inner][\/vc_row_inner][\/vc_column][\/vc_row][vc_row parallax_speed=\u00bb4&#8243; parallax_x=\u00bb4&#8243; parallax_y=\u00bb4&#8243; css=\u00bb.vc_custom_1477740028555{padding-top: 100px !important;}\u00bb][vc_column][vc_row_inner][vc_column_inner]<div class=\"title-section  style2\">\n\t\t<h1 class=\"title\">\n\t\t\tAlgunas Capturas\t\t\t\n\t\t<\/h1>\t\t\n\t\t\n\n\t<\/div>[vc_empty_space height=\u00bb30px\u00bb][\/vc_column_inner][\/vc_row_inner][vc_row_inner][vc_column_inner]\n\t\t<div class=\"flat-spacer \" data-desktop=\"50\" data-mobile=\"40\" data-smobile=\"30\">\t\t\t\n\t\t<\/div>[\/vc_column_inner][\/vc_row_inner][\/vc_column][\/vc_row][vc_row][vc_column width=\u00bb1\/4&#8243;][vc_single_image image=\u00bb1079&#8243; img_size=\u00bbmedium\u00bb][\/vc_column][vc_column width=\u00bb1\/4&#8243;][vc_single_image image=\u00bb1099&#8243; img_size=\u00bbmedium\u00bb][\/vc_column][vc_column width=\u00bb1\/4&#8243;][vc_single_image image=\u00bb1115&#8243; img_size=\u00bbmedium\u00bb][\/vc_column][vc_column width=\u00bb1\/4&#8243;][vc_single_image image=\u00bb1143&#8243; img_size=\u00bbmedium\u00bb][\/vc_column][\/vc_row][vc_row][vc_column width=\u00bb1\/4&#8243;][vc_single_image image=\u00bb1270&#8243; img_size=\u00bbmedium\u00bb][\/vc_column][vc_column width=\u00bb1\/4&#8243;][vc_single_image image=\u00bb1279&#8243; img_size=\u00bbmedium\u00bb][\/vc_column][vc_column width=\u00bb1\/4&#8243;][vc_single_image image=\u00bb1286&#8243; img_size=\u00bbmedium\u00bb][\/vc_column][vc_column width=\u00bb1\/4&#8243;][vc_single_image image=\u00bb1378&#8243; img_size=\u00bbmedium\u00bb][\/vc_column][\/vc_row]<\/p>\n<\/section>","protected":false},"excerpt":{"rendered":"<p>[vc_row full_width=\u00bbstretch_row_content_no_spaces\u00bb parallax_speed=\u00bb4&#8243; parallax_x=\u00bb4&#8243; parallax_y=\u00bb4&#8243;][vc_column][rev_slider_vc alias=\u00bbinicio\u00bb][\/vc_column][\/vc_row][vc_row][vc_column][vc_row_inner][vc_column_inner][\/vc_column_inner][\/vc_row_inner][vc_row_inner][vc_column_inner][\/vc_column_inner][\/vc_row_inner][vc_row_inner][vc_column_inner width=\u00bb1\/4&#8243;][vc_column_text css_animation=\u00bbfadeInUp\u00bb css=\u00bb.vc_custom_1483472966803{padding-top: 10px !important;}\u00bb]Entrega herramientas para la administraci\u00f3n eficiente y completa de las actividades centrales del negocio de la Compa\u00f1\u00eda, incluye contabilidad, clientes, [&hellip;]<\/p>\n","protected":false},"author":1,"featured_media":0,"parent":0,"menu_order":0,"comment_status":"closed","ping_status":"closed","template":"tpl\/front-page.php","meta":{"footnotes":""},"class_list":["post-1199","page","type-page","status-publish","hentry"],"_links":{"self":[{"href":"http:\/\/www.valmeyerfca.cl\/gestioninmobiliarias\/wp-json\/wp\/v2\/pages\/1199","targetHints":{"allow":["GET"]}}],"collection":[{"href":"http:\/\/www.valmeyerfca.cl\/gestioninmobiliarias\/wp-json\/wp\/v2\/pages"}],"about":[{"href":"http:\/\/www.valmeyerfca.cl\/gestioninmobiliarias\/wp-json\/wp\/v2\/types\/page"}],"author":[{"embeddable":true,"href":"http:\/\/www.valmeyerfca.cl\/gestioninmobiliarias\/wp-json\/wp\/v2\/users\/1"}],"replies":[{"embeddable":true,"href":"http:\/\/www.valmeyerfca.cl\/gestioninmobiliarias\/wp-json\/wp\/v2\/comments?post=1199"}],"version-history":[{"count":45,"href":"http:\/\/www.valmeyerfca.cl\/gestioninmobiliarias\/wp-json\/wp\/v2\/pages\/1199\/revisions"}],"predecessor-version":[{"id":1550,"href":"http:\/\/www.valmeyerfca.cl\/gestioninmobiliarias\/wp-json\/wp\/v2\/pages\/1199\/revisions\/1550"}],"wp:attachment":[{"href":"http:\/\/www.valmeyerfca.cl\/gestioninmobiliarias\/wp-json\/wp\/v2\/media?parent=1199"}],"curies":[{"name":"wp","href":"https:\/\/api.w.org\/{rel}","templated":true}]}}