{"id":1365,"date":"2017-01-04T02:08:30","date_gmt":"2017-01-04T02:08:30","guid":{"rendered":"http:\/\/www.valmeyerfca.cl\/gestioninmobiliarias\/?page_id=1365"},"modified":"2017-01-04T02:20:28","modified_gmt":"2017-01-04T02:20:28","slug":"recursos-humanos","status":"publish","type":"page","link":"http:\/\/www.valmeyerfca.cl\/gestioninmobiliarias\/recursos-humanos\/","title":{"rendered":"Recursos Humanos"},"content":{"rendered":"<section class=\"wpb-content-wrapper\"><p>[vc_row][vc_column]\n\t\t<div class=\"flat-spacer \" data-desktop=\"50\" data-mobile=\"40\" data-smobile=\"30\">\t\t\t\n\t\t<\/div>[\/vc_column][\/vc_row][vc_row][vc_column width=\u00bb1\/4&#8243;][vc_single_image image=\u00bb1366&#8243; img_size=\u00bbfull\u00bb style=\u00bbvc_box_shadow_border\u00bb css_animation=\u00bbfadeInLeft\u00bb][\/vc_column][vc_column width=\u00bb3\/4&#8243;][vc_column_text]La soluci\u00f3n de Recursos Humanos y Remuneraciones est\u00e1 dise\u00f1ada para la Peque\u00f1a, mediana y la gran empresa, pre configurada para facilitar su implementaci\u00f3n, proporcionando una visi\u00f3n integral de su personal, en tiempo real. Le permitir\u00e1 racionalizar los procesos para incrementar la gesti\u00f3n y reducir los costos involucrados. Y todo ello constituir\u00e1 la base de un crecimiento constante y con costos realmente controlados.[\/vc_column_text][vc_custom_heading text=\u00bbAltamente Flexible para Adaptarse a sus Requerimientos\u00bb font_container=\u00bbtag:h5|text_align:left\u00bb][vc_column_text]Permite modelarse y parametrizarse, de modo que sus procesos quedar\u00e1n totalmente automatizados e integrados a su ERP.<br \/>\nLos c\u00e1lculos de comisiones de ventas automatizados, las distribuciones de costos m\u00e1s complejas y variables y el acceso inmediato a informaci\u00f3n en l\u00ednea ahora dejaron de ser un problema.[\/vc_column_text][\/vc_column][\/vc_row][vc_row][vc_column][vc_custom_heading text=\u00bbModelamientos y Procesos Especiales\u00bb font_container=\u00bbtag:h5|text_align:left\u00bb][vc_column_text]Permite crear tablas y registrar todo tipo de informaci\u00f3n adicional, definir nuevos procesos y relacionarlos con los c\u00e1lculos m\u00e1s complejos.[\/vc_column_text][\/vc_column][\/vc_row][vc_row][vc_column][vc_separator css=\u00bb.vc_custom_1483496757926{padding-top: 30px !important;}\u00bb][\/vc_column][\/vc_row][vc_row][vc_column][vc_custom_heading text=\u00bbModelos Recursos Humanos\u00bb font_container=\u00bbtag:h3|text_align:center\u00bb use_theme_fonts=\u00bbyes\u00bb][vc_custom_heading text=\u00bb(click para ampliar)\u00bb font_container=\u00bbtag:h5|text_align:center\u00bb use_theme_fonts=\u00bbyes\u00bb]\n\t\t<div class=\"flat-spacer \" data-desktop=\"50\" data-mobile=\"40\" data-smobile=\"30\">\t\t\t\n\t\t<\/div>[\/vc_column][\/vc_row][vc_row][vc_column][vc_media_grid element_width=\u00bb3&#8243; gap=\u00bb35&#8243; item=\u00bbmediaGrid_FadeInWithIcon\u00bb grid_id=\u00bbvc_gid:1483496705632-6200d21e-b16e-1&#8243; include=\u00bb1376,1377,1378,1379,1380,1381,1382,1383,1384,1385,1386&#8243;][\/vc_column][\/vc_row]<\/p>\n<\/section>","protected":false},"excerpt":{"rendered":"<p>[vc_row][vc_column][\/vc_column][\/vc_row][vc_row][vc_column width=\u00bb1\/4&#8243;][vc_single_image image=\u00bb1366&#8243; img_size=\u00bbfull\u00bb style=\u00bbvc_box_shadow_border\u00bb css_animation=\u00bbfadeInLeft\u00bb][\/vc_column][vc_column width=\u00bb3\/4&#8243;][vc_column_text]La soluci\u00f3n de Recursos Humanos y Remuneraciones est\u00e1 dise\u00f1ada para la Peque\u00f1a, mediana y la gran empresa, pre configurada para facilitar su implementaci\u00f3n, proporcionando [&hellip;]<\/p>\n","protected":false},"author":1,"featured_media":0,"parent":0,"menu_order":0,"comment_status":"closed","ping_status":"closed","template":"tpl\/front-page.php","meta":{"footnotes":""},"class_list":["post-1365","page","type-page","status-publish","hentry"],"_links":{"self":[{"href":"http:\/\/www.valmeyerfca.cl\/gestioninmobiliarias\/wp-json\/wp\/v2\/pages\/1365","targetHints":{"allow":["GET"]}}],"collection":[{"href":"http:\/\/www.valmeyerfca.cl\/gestioninmobiliarias\/wp-json\/wp\/v2\/pages"}],"about":[{"href":"http:\/\/www.valmeyerfca.cl\/gestioninmobiliarias\/wp-json\/wp\/v2\/types\/page"}],"author":[{"embeddable":true,"href":"http:\/\/www.valmeyerfca.cl\/gestioninmobiliarias\/wp-json\/wp\/v2\/users\/1"}],"replies":[{"embeddable":true,"href":"http:\/\/www.valmeyerfca.cl\/gestioninmobiliarias\/wp-json\/wp\/v2\/comments?post=1365"}],"version-history":[{"count":12,"href":"http:\/\/www.valmeyerfca.cl\/gestioninmobiliarias\/wp-json\/wp\/v2\/pages\/1365\/revisions"}],"predecessor-version":[{"id":1390,"href":"http:\/\/www.valmeyerfca.cl\/gestioninmobiliarias\/wp-json\/wp\/v2\/pages\/1365\/revisions\/1390"}],"wp:attachment":[{"href":"http:\/\/www.valmeyerfca.cl\/gestioninmobiliarias\/wp-json\/wp\/v2\/media?parent=1365"}],"curies":[{"name":"wp","href":"https:\/\/api.w.org\/{rel}","templated":true}]}}